{"id":9,"date":"2026-02-20T03:26:37","date_gmt":"2026-02-20T03:26:37","guid":{"rendered":"https:\/\/refugioelroble.cl\/?page_id=9"},"modified":"2026-04-02T21:56:04","modified_gmt":"2026-04-02T21:56:04","slug":"9-2","status":"publish","type":"page","link":"https:\/\/refugioelroble.cl\/","title":{"rendered":""},"content":{"rendered":"\n<p class=\"has-text-align-center\">Refugio El Roble <br>Un espacio dise\u00f1ado para el descanso, la naturaleza y la conexi\u00f3n aut\u00e9ntica.<\/p>\n\n\n\n<p class=\"has-text-align-center\"><strong>RV Park Las Trancas<\/strong> El primer RV Park del Valle. Sitios equipados con todos los servicios para que tu motorhome, camper o casa rodante tenga un lugar en la monta\u00f1a. <\/p>\n\n\n\n<p class=\"has-text-align-center\">Reservas abiertas \u00b7 Desde $15.000 por persona \/ noche<\/p>\n\n\n\n<p class=\"has-text-align-center\">S\u00edguenos en Instagram y reserva tu estad\u00eda.<\/p>\n\n\n\n<figure class=\"wp-block-image aligncenter size-full is-resized\"><a href=\"https:\/\/www.instagram.com\/rvparklastrancas?igsh=cGFmeXQ3Z2I5bTE5\"><img loading=\"lazy\" decoding=\"async\" width=\"914\" height=\"839\" src=\"https:\/\/refugioelroble.cl\/wp-content\/uploads\/2026\/04\/final.jpeg\" alt=\"\" class=\"wp-image-23\" style=\"aspect-ratio:1.0894120130898344;width:284px;height:auto\" srcset=\"https:\/\/refugioelroble.cl\/wp-content\/uploads\/2026\/04\/final.jpeg 914w, https:\/\/refugioelroble.cl\/wp-content\/uploads\/2026\/04\/final-300x275.jpeg 300w, https:\/\/refugioelroble.cl\/wp-content\/uploads\/2026\/04\/final-768x705.jpeg 768w\" sizes=\"auto, (max-width: 914px) 100vw, 914px\" \/><\/a><\/figure>\n\n\n\n<p class=\"has-text-align-center\">\ud83c\udf3f Gracias por visitarnos.<\/p>\n","protected":false},"excerpt":{"rendered":"<p>Refugio El Roble Un espacio dise\u00f1ado para el descanso, la naturaleza y la conexi\u00f3n aut\u00e9ntica. RV Park Las Trancas El primer RV Park del Valle. Sitios equipados con todos los servicios para que tu motorhome, camper o casa rodante tenga un lugar en la monta\u00f1a. Reservas abiertas \u00b7 Desde $15.000 por persona \/ noche S\u00edguenos [&hellip;]<\/p>\n","protected":false},"author":1,"featured_media":8,"parent":0,"menu_order":0,"comment_status":"closed","ping_status":"closed","template":"","meta":{"footnotes":""},"class_list":["post-9","page","type-page","status-publish","has-post-thumbnail","hentry"],"_links":{"self":[{"href":"https:\/\/refugioelroble.cl\/index.php?rest_route=\/wp\/v2\/pages\/9","targetHints":{"allow":["GET"]}}],"collection":[{"href":"https:\/\/refugioelroble.cl\/index.php?rest_route=\/wp\/v2\/pages"}],"about":[{"href":"https:\/\/refugioelroble.cl\/index.php?rest_route=\/wp\/v2\/types\/page"}],"author":[{"embeddable":true,"href":"https:\/\/refugioelroble.cl\/index.php?rest_route=\/wp\/v2\/users\/1"}],"replies":[{"embeddable":true,"href":"https:\/\/refugioelroble.cl\/index.php?rest_route=%2Fwp%2Fv2%2Fcomments&post=9"}],"version-history":[{"count":5,"href":"https:\/\/refugioelroble.cl\/index.php?rest_route=\/wp\/v2\/pages\/9\/revisions"}],"predecessor-version":[{"id":24,"href":"https:\/\/refugioelroble.cl\/index.php?rest_route=\/wp\/v2\/pages\/9\/revisions\/24"}],"wp:featuredmedia":[{"embeddable":true,"href":"https:\/\/refugioelroble.cl\/index.php?rest_route=\/wp\/v2\/media\/8"}],"wp:attachment":[{"href":"https:\/\/refugioelroble.cl\/index.php?rest_route=%2Fwp%2Fv2%2Fmedia&parent=9"}],"curies":[{"name":"wp","href":"https:\/\/api.w.org\/{rel}","templated":true}]}}